{"id":2,"date":"2014-11-21T04:51:49","date_gmt":"2014-11-21T04:51:49","guid":{"rendered":"http:\/\/localhost\/wordpress-4.0.1\/wordpress\/?page_id=2"},"modified":"2015-08-13T08:23:57","modified_gmt":"2015-08-13T06:23:57","slug":"sample-page","status":"publish","type":"page","link":"http:\/\/travelingthom.nl\/?page_id=2","title":{"rendered":"Bestemmingen"},"content":{"rendered":"<p><strong>Past trips:<\/strong><\/p>\n<ul>\n<li><strong>2006<\/strong>: Sri Lanka<\/li>\n<li><strong>2007<\/strong>:\u00a0Maleisi\u00eb<\/li>\n<li><strong>2009<\/strong>: Tunesi\u00eb<\/li>\n<li><strong>2012: <\/strong>Dubai, Abu Dhabi<\/li>\n<li><strong>2014<\/strong>: Normandi\u00eb<\/li>\n<\/ul>\n<p><strong>Current\u00a0trip:<\/strong><\/p>\n<ul>\n<li><strong>januari -augustus 2015:\u00a0<\/strong>Thailand, Laos, Cambodia, Vietnam, Indonesi\u00eb (Bali, Lombok, Java, Gili Islands) , Australi\u00eb,<\/li>\n<li><strong>september 2015: <\/strong>Sumatra, Bali.<\/li>\n<li><strong>november 2015:<\/strong> New Zealand<\/li>\n<\/ul>\n<p><strong>Future dream trips:<\/strong><\/p>\n<ul>\n<li>Myanmar\/India &#8211;&gt;\u00a0<strong>november\/december 2015?<\/strong><\/li>\n<li>South America (Chile, Argentina, Bolivia, Peru, Brasil)<\/li>\n<\/ul>\n<p><a href=\"http:\/\/travelingthom.nl\/wp-content\/uploads\/2014\/11\/quote5.jpg\"><img loading=\"lazy\" class=\" size-medium wp-image-204 alignleft\" src=\"http:\/\/travelingthom.nl\/wp-content\/uploads\/2014\/11\/quote5-233x300.jpg\" alt=\"The signs of life\" width=\"233\" height=\"300\" srcset=\"http:\/\/travelingthom.nl\/wp-content\/uploads\/2014\/11\/quote5-233x300.jpg 233w, http:\/\/travelingthom.nl\/wp-content\/uploads\/2014\/11\/quote5.jpg 478w\" sizes=\"(max-width: 233px) 100vw, 233px\" \/><\/a><\/p>\n","protected":false},"excerpt":{"rendered":"<p>Past trips: 2006: Sri Lanka 2007:\u00a0Maleisi\u00eb 2009: Tunesi\u00eb 2012: Dubai, Abu Dhabi 2014: Normandi\u00eb Current\u00a0trip: januari -augustus 2015:\u00a0Thailand, Laos, Cambodia, Vietnam, Indonesi\u00eb (Bali, Lombok, Java, Gili Islands) , Australi\u00eb, september 2015: Sumatra, Bali. november 2015: New Zealand Future dream trips: Myanmar\/India &#8211;&gt;\u00a0november\/december 2015? South America (Chile, Argentina, Bolivia, Peru, Brasil)<\/p>\n","protected":false},"author":1,"featured_media":90,"parent":0,"menu_order":0,"comment_status":"open","ping_status":"open","template":"","meta":{"ngg_post_thumbnail":0},"_links":{"self":[{"href":"http:\/\/travelingthom.nl\/index.php?rest_route=\/wp\/v2\/pages\/2"}],"collection":[{"href":"http:\/\/travelingthom.nl\/index.php?rest_route=\/wp\/v2\/pages"}],"about":[{"href":"http:\/\/travelingthom.nl\/index.php?rest_route=\/wp\/v2\/types\/page"}],"author":[{"embeddable":true,"href":"http:\/\/travelingthom.nl\/index.php?rest_route=\/wp\/v2\/users\/1"}],"replies":[{"embeddable":true,"href":"http:\/\/travelingthom.nl\/index.php?rest_route=%2Fwp%2Fv2%2Fcomments&post=2"}],"version-history":[{"count":16,"href":"http:\/\/travelingthom.nl\/index.php?rest_route=\/wp\/v2\/pages\/2\/revisions"}],"predecessor-version":[{"id":1843,"href":"http:\/\/travelingthom.nl\/index.php?rest_route=\/wp\/v2\/pages\/2\/revisions\/1843"}],"wp:featuredmedia":[{"embeddable":true,"href":"http:\/\/travelingthom.nl\/index.php?rest_route=\/wp\/v2\/media\/90"}],"wp:attachment":[{"href":"http:\/\/travelingthom.nl\/index.php?rest_route=%2Fwp%2Fv2%2Fmedia&parent=2"}],"curies":[{"name":"wp","href":"https:\/\/api.w.org\/{rel}","templated":true}]}}